{"id":66,"date":"2022-09-05T16:46:06","date_gmt":"2022-09-05T16:46:06","guid":{"rendered":"http:\/\/wordpresslocalsite.local\/?page_id=66"},"modified":"2022-11-08T14:53:39","modified_gmt":"2022-11-08T14:53:39","slug":"usluge","status":"publish","type":"page","link":"https:\/\/www.euroinox.hr\/en\/usluge\/","title":{"rendered":"Services"},"content":{"rendered":"<div class=\"wp-block-media-text alignwide is-stacked-on-mobile\" style=\"grid-template-columns:32% auto\"><figure class=\"wp-block-media-text__media\"><img data-recalc-dims=\"1\" loading=\"lazy\" decoding=\"async\" width=\"768\" height=\"1024\" src=\"https:\/\/i0.wp.com\/wordpresslocalsite.local\/wp-content\/uploads\/2022\/09\/26-Sudoper-768x1024.jpg?resize=768%2C1024\" alt=\"\" class=\"wp-image-144 size-full\" srcset=\"https:\/\/i0.wp.com\/www.euroinox.hr\/wp-content\/uploads\/2022\/09\/26-Sudoper.jpg?resize=768%2C1024&amp;ssl=1 768w, https:\/\/i0.wp.com\/www.euroinox.hr\/wp-content\/uploads\/2022\/09\/26-Sudoper.jpg?resize=225%2C300&amp;ssl=1 225w, https:\/\/i0.wp.com\/www.euroinox.hr\/wp-content\/uploads\/2022\/09\/26-Sudoper.jpg?resize=1152%2C1536&amp;ssl=1 1152w, https:\/\/i0.wp.com\/www.euroinox.hr\/wp-content\/uploads\/2022\/09\/26-Sudoper.jpg?w=1500&amp;ssl=1 1500w\" sizes=\"auto, (max-width: 768px) 100vw, 768px\" \/><\/figure><div class=\"wp-block-media-text__content\">\n<p class=\"has-headings-color has-sitebg-background-color has-text-color has-background wp-block-paragraph\">Medical equipment: worktops, surgical trays, handrails, trolleys for all purposes, stands, tables intended for hospitals, laboratories, pharmacies.<\/p>\n<\/div><\/div>\n\n\n\n<p class=\"wp-block-paragraph\"><\/p>\n\n\n\n<div class=\"wp-block-media-text alignwide has-media-on-the-right is-stacked-on-mobile\" style=\"grid-template-columns:auto 47%\"><div class=\"wp-block-media-text__content\">\n<p class=\"has-headings-color has-sitebg-background-color has-text-color has-background wp-block-paragraph\">Catering equipment: production of work tables, sinks, cabinets, bars, counters, racks, shelves, grills and other catering equipment.<\/p>\n<\/div><figure class=\"wp-block-media-text__media\"><img data-recalc-dims=\"1\" loading=\"lazy\" decoding=\"async\" width=\"1024\" height=\"769\" src=\"https:\/\/i0.wp.com\/wordpresslocalsite.local\/wp-content\/uploads\/2022\/09\/36-kolica-1024x769.jpg?resize=1024%2C769\" alt=\"\" class=\"wp-image-155 size-full\" srcset=\"https:\/\/i0.wp.com\/www.euroinox.hr\/wp-content\/uploads\/2022\/09\/36-kolica-scaled.jpg?resize=1024%2C769&amp;ssl=1 1024w, https:\/\/i0.wp.com\/www.euroinox.hr\/wp-content\/uploads\/2022\/09\/36-kolica-scaled.jpg?resize=300%2C225&amp;ssl=1 300w, https:\/\/i0.wp.com\/www.euroinox.hr\/wp-content\/uploads\/2022\/09\/36-kolica-scaled.jpg?resize=768%2C577&amp;ssl=1 768w, https:\/\/i0.wp.com\/www.euroinox.hr\/wp-content\/uploads\/2022\/09\/36-kolica-scaled.jpg?resize=1536%2C1153&amp;ssl=1 1536w, https:\/\/i0.wp.com\/www.euroinox.hr\/wp-content\/uploads\/2022\/09\/36-kolica-scaled.jpg?resize=2048%2C1538&amp;ssl=1 2048w, https:\/\/i0.wp.com\/www.euroinox.hr\/wp-content\/uploads\/2022\/09\/36-kolica-scaled.jpg?resize=400%2C300&amp;ssl=1 400w\" sizes=\"auto, (max-width: 1024px) 100vw, 1024px\" \/><\/figure><\/div>\n\n\n\n<div class=\"wp-block-media-text alignwide is-stacked-on-mobile\" style=\"grid-template-columns:34% auto\"><figure class=\"wp-block-media-text__media\"><img data-recalc-dims=\"1\" loading=\"lazy\" decoding=\"async\" width=\"768\" height=\"1024\" src=\"https:\/\/i0.wp.com\/wordpresslocalsite.local\/wp-content\/uploads\/2022\/09\/273220688_4523250094465096_8222753836283523307_n-1-768x1024.jpg?resize=768%2C1024\" alt=\"\" class=\"wp-image-161 size-full\" srcset=\"https:\/\/i0.wp.com\/www.euroinox.hr\/wp-content\/uploads\/2022\/09\/273220688_4523250094465096_8222753836283523307_n-1.jpg?resize=768%2C1024&amp;ssl=1 768w, https:\/\/i0.wp.com\/www.euroinox.hr\/wp-content\/uploads\/2022\/09\/273220688_4523250094465096_8222753836283523307_n-1.jpg?resize=225%2C300&amp;ssl=1 225w, https:\/\/i0.wp.com\/www.euroinox.hr\/wp-content\/uploads\/2022\/09\/273220688_4523250094465096_8222753836283523307_n-1.jpg?resize=1152%2C1536&amp;ssl=1 1152w, https:\/\/i0.wp.com\/www.euroinox.hr\/wp-content\/uploads\/2022\/09\/273220688_4523250094465096_8222753836283523307_n-1.jpg?w=1500&amp;ssl=1 1500w\" sizes=\"auto, (max-width: 768px) 100vw, 768px\" \/><\/figure><div class=\"wp-block-media-text__content\">\n<p class=\"has-headings-color has-sitebg-background-color has-text-color has-background wp-block-paragraph\">Machining: metal turning and milling as well as aluminium welding services.<\/p>\n<\/div><\/div>\n\n\n\n<div class=\"wp-block-media-text alignwide has-media-on-the-right is-stacked-on-mobile\"><div class=\"wp-block-media-text__content\">\n<p class=\"has-headings-color has-sitebg-background-color has-text-color has-background wp-block-paragraph\">Municipal activity: lids for concrete trash cans, trash cans, making bike racks, and all other communal stainless steel and iron elements.<\/p>\n<\/div><figure class=\"wp-block-media-text__media\"><img data-recalc-dims=\"1\" loading=\"lazy\" decoding=\"async\" width=\"1024\" height=\"768\" src=\"https:\/\/i0.wp.com\/wordpresslocalsite.local\/wp-content\/uploads\/2022\/09\/Poklopci-1024x768.jpg?resize=1024%2C768\" alt=\"\" class=\"wp-image-166 size-full\" srcset=\"https:\/\/i0.wp.com\/www.euroinox.hr\/wp-content\/uploads\/2022\/09\/Poklopci.jpg?resize=1024%2C768&amp;ssl=1 1024w, https:\/\/i0.wp.com\/www.euroinox.hr\/wp-content\/uploads\/2022\/09\/Poklopci.jpg?resize=300%2C225&amp;ssl=1 300w, https:\/\/i0.wp.com\/www.euroinox.hr\/wp-content\/uploads\/2022\/09\/Poklopci.jpg?resize=768%2C576&amp;ssl=1 768w, https:\/\/i0.wp.com\/www.euroinox.hr\/wp-content\/uploads\/2022\/09\/Poklopci.jpg?resize=400%2C300&amp;ssl=1 400w, https:\/\/i0.wp.com\/www.euroinox.hr\/wp-content\/uploads\/2022\/09\/Poklopci.jpg?w=1036&amp;ssl=1 1036w\" sizes=\"auto, (max-width: 1024px) 100vw, 1024px\" \/><\/figure><\/div>","protected":false},"excerpt":{"rendered":"<p>Medicinska oprema: Radne plo\u010de, ormari, kiru\u0161ka korita, rukoperi, kolica za sve namjene, stalaka, stoli\u0107 namjenjena za bolnice, laboratorije, farmaciju. \ufeff Gastro oprema: Izrada radnih stolova, &hellip;<\/p>","protected":false},"author":1,"featured_media":0,"parent":0,"menu_order":0,"comment_status":"closed","ping_status":"closed","template":"","meta":{"_crdt_document":"","_monsterinsights_skip_tracking":false,"_monsterinsights_sitenote_active":false,"_monsterinsights_sitenote_note":"","_monsterinsights_sitenote_category":0,"footnotes":""},"class_list":["post-66","page","type-page","status-publish","hentry"],"_links":{"self":[{"href":"https:\/\/www.euroinox.hr\/en\/wp-json\/wp\/v2\/pages\/66","targetHints":{"allow":["GET"]}}],"collection":[{"href":"https:\/\/www.euroinox.hr\/en\/wp-json\/wp\/v2\/pages"}],"about":[{"href":"https:\/\/www.euroinox.hr\/en\/wp-json\/wp\/v2\/types\/page"}],"author":[{"embeddable":true,"href":"https:\/\/www.euroinox.hr\/en\/wp-json\/wp\/v2\/users\/1"}],"replies":[{"embeddable":true,"href":"https:\/\/www.euroinox.hr\/en\/wp-json\/wp\/v2\/comments?post=66"}],"version-history":[{"count":13,"href":"https:\/\/www.euroinox.hr\/en\/wp-json\/wp\/v2\/pages\/66\/revisions"}],"predecessor-version":[{"id":432,"href":"https:\/\/www.euroinox.hr\/en\/wp-json\/wp\/v2\/pages\/66\/revisions\/432"}],"wp:attachment":[{"href":"https:\/\/www.euroinox.hr\/en\/wp-json\/wp\/v2\/media?parent=66"}],"curies":[{"name":"wp","href":"https:\/\/api.w.org\/{rel}","templated":true}]}}